{"id":95,"date":"2024-09-01T00:32:53","date_gmt":"2024-08-31T22:32:53","guid":{"rendered":"https:\/\/jugement.ufolepgym.com\/?page_id=95"},"modified":"2025-10-22T19:29:43","modified_gmt":"2025-10-22T17:29:43","slug":"liens-utiles","status":"publish","type":"page","link":"https:\/\/jugement.ufolepgym.com\/index.php\/liens-utiles\/","title":{"rendered":"Contacts et liens utiles"},"content":{"rendered":"\n<p class=\"has-small-font-size\">Pour toute question concernant le jugement, il est conseill\u00e9 de s&rsquo;adresser \u00e0 ses responsables des juges d\u00e9partementaux ou r\u00e9gionaux.<br>Pour rappel, <a href=\"https:\/\/ufolep-my.sharepoint.com\/:x:\/g\/personal\/sdesmots_ufolep_org\/Eejyod6hGe9ElHFl5WxJ9FUBQJDk9YBG9uXVi9o_Bl1lNg?e=6gWnE9\" target=\"_blank\" rel=\"noreferrer noopener\">un fichier est disponible<\/a> sur <a href=\"http:\/\/www.ufolepgym.com\" target=\"_blank\" rel=\"noreferrer noopener\">www.ufolepgym.com<\/a> avec les contacts de chaque \u00e9chelon<\/p>\n\n\n\n<p class=\"has-small-font-size\">En cas de besoin, vous pouvez \u00e9galement contacter la CNS &#8211; <a href=\"mailto:cns.gym@ufolep.org\" target=\"_blank\" rel=\"noreferrer noopener\">cns.gym@ufolep.org<\/a><\/p>\n\n\n\n<hr class=\"wp-block-separator has-text-color has-luminous-vivid-orange-color has-alpha-channel-opacity has-luminous-vivid-orange-background-color has-background\"\/>\n\n\n\n<div class=\"wp-block-media-text is-stacked-on-mobile is-vertically-aligned-top\"><figure class=\"wp-block-media-text__media\"><a href=\"https:\/\/www.facebook.com\/groups\/885127021507370\" target=\"_blank\" rel=\"noreferrer noopener\"><img loading=\"lazy\" decoding=\"async\" width=\"665\" height=\"360\" src=\"https:\/\/jugement.ufolepgym.com\/wp-content\/uploads\/2024\/09\/SOS.jpg\" alt=\"\" class=\"wp-image-99 size-full\" srcset=\"https:\/\/jugement.ufolepgym.com\/wp-content\/uploads\/2024\/09\/SOS.jpg 665w, https:\/\/jugement.ufolepgym.com\/wp-content\/uploads\/2024\/09\/SOS-300x162.jpg 300w\" sizes=\"auto, (max-width: 665px) 100vw, 665px\" \/><\/a><\/figure><div class=\"wp-block-media-text__content\">\n<p class=\"has-small-font-size\">Groupe Facebook pour vous aider \u00e0 \u00e9changer des juges.<br>acc\u00e9der \u00e0 la page<\/p>\n<\/div><\/div>\n\n\n\n<div class=\"wp-block-media-text has-media-on-the-right is-stacked-on-mobile\"><div class=\"wp-block-media-text__content\">\n<p class=\"has-small-font-size\">Livret sur la gymnastique en UFOLEP pour vous permettre d&rsquo;en d\u00e9couvrir le fonctionnement, les proc\u00e9dures, etc.<\/p>\n\n\n\n<p><a href=\"https:\/\/ufolep-my.sharepoint.com\/:w:\/g\/personal\/sdesmots_ufolep_org\/Ee3ONFuaC6xOqIj-hTJme-QBg2WDsg0yduAf8UBpF3Mg4w?e=84iC0T\" target=\"_blank\" rel=\"noreferrer noopener\">acc\u00e9der au livret<\/a><\/p>\n<\/div><figure class=\"wp-block-media-text__media\"><img loading=\"lazy\" decoding=\"async\" width=\"752\" height=\"491\" src=\"https:\/\/jugement.ufolepgym.com\/wp-content\/uploads\/2024\/09\/livret.jpg\" alt=\"\" class=\"wp-image-100 size-full\" srcset=\"https:\/\/jugement.ufolepgym.com\/wp-content\/uploads\/2024\/09\/livret.jpg 752w, https:\/\/jugement.ufolepgym.com\/wp-content\/uploads\/2024\/09\/livret-300x196.jpg 300w\" sizes=\"auto, (max-width: 752px) 100vw, 752px\" \/><\/figure><\/div>\n\n\n\n<div class=\"wp-block-media-text is-stacked-on-mobile\"><figure class=\"wp-block-media-text__media\"><img loading=\"lazy\" decoding=\"async\" width=\"655\" height=\"240\" src=\"https:\/\/jugement.ufolepgym.com\/wp-content\/uploads\/2024\/09\/diplome.jpg\" alt=\"\" class=\"wp-image-101 size-full\" srcset=\"https:\/\/jugement.ufolepgym.com\/wp-content\/uploads\/2024\/09\/diplome.jpg 655w, https:\/\/jugement.ufolepgym.com\/wp-content\/uploads\/2024\/09\/diplome-300x110.jpg 300w\" sizes=\"auto, (max-width: 655px) 100vw, 655px\" \/><\/figure><div class=\"wp-block-media-text__content\">\n<p class=\"has-medium-font-size\">Effectuer une RICA<\/p>\n\n\n\n<p class=\"has-small-font-size\">Se r\u00e9f\u00e9rer \u00e0 votre comit\u00e9 d\u00e9partemental<\/p>\n<\/div><\/div>\n\n\n\n<div class=\"wp-block-media-text has-media-on-the-right is-stacked-on-mobile\"><div class=\"wp-block-media-text__content\">\n<p class=\"has-small-font-size\">Groupe Facebook sur le jugement GAF en UFOLEP<\/p>\n\n\n\n<p class=\"has-small-font-size\"><a href=\"https:\/\/www.facebook.com\/groups\/656675654435544\">Acc\u00e9der \u00e0 la page<\/a><\/p>\n<\/div><figure class=\"wp-block-media-text__media\"><img loading=\"lazy\" decoding=\"async\" width=\"300\" height=\"300\" src=\"https:\/\/jugement.ufolepgym.com\/wp-content\/uploads\/2024\/09\/stylo-300x300.webp\" alt=\"\" class=\"wp-image-102 size-medium\" srcset=\"https:\/\/jugement.ufolepgym.com\/wp-content\/uploads\/2024\/09\/stylo-300x300.webp 300w, https:\/\/jugement.ufolepgym.com\/wp-content\/uploads\/2024\/09\/stylo-150x150.webp 150w, https:\/\/jugement.ufolepgym.com\/wp-content\/uploads\/2024\/09\/stylo-768x768.webp 768w, https:\/\/jugement.ufolepgym.com\/wp-content\/uploads\/2024\/09\/stylo.webp 800w\" sizes=\"auto, (max-width: 300px) 100vw, 300px\" \/><\/figure><\/div>\n\n\n\n<p><\/p>\n","protected":false},"excerpt":{"rendered":"<p>Pour toute question concernant le jugement, il est conseill\u00e9 de s&rsquo;adresser \u00e0 ses responsables des juges d\u00e9partementaux ou r\u00e9gionaux.Pour rappel, un fichier est disponible sur www.ufolepgym.com avec les contacts de chaque \u00e9chelon En cas de besoin, vous pouvez \u00e9galement contacter la CNS &#8211; cns.gym@ufolep.org Groupe Facebook pour vous aider \u00e0 \u00e9changer des juges.acc\u00e9der \u00e0 la &hellip; <a href=\"https:\/\/jugement.ufolepgym.com\/index.php\/liens-utiles\/\" class=\"more-link\">Continue reading <span class=\"screen-reader-text\">Contacts et liens utiles<\/span><\/a><\/p>\n","protected":false},"author":2,"featured_media":0,"parent":0,"menu_order":0,"comment_status":"closed","ping_status":"closed","template":"","meta":{"footnotes":""},"class_list":["post-95","page","type-page","status-publish","hentry"],"_links":{"self":[{"href":"https:\/\/jugement.ufolepgym.com\/index.php\/wp-json\/wp\/v2\/pages\/95","targetHints":{"allow":["GET"]}}],"collection":[{"href":"https:\/\/jugement.ufolepgym.com\/index.php\/wp-json\/wp\/v2\/pages"}],"about":[{"href":"https:\/\/jugement.ufolepgym.com\/index.php\/wp-json\/wp\/v2\/types\/page"}],"author":[{"embeddable":true,"href":"https:\/\/jugement.ufolepgym.com\/index.php\/wp-json\/wp\/v2\/users\/2"}],"replies":[{"embeddable":true,"href":"https:\/\/jugement.ufolepgym.com\/index.php\/wp-json\/wp\/v2\/comments?post=95"}],"version-history":[{"count":10,"href":"https:\/\/jugement.ufolepgym.com\/index.php\/wp-json\/wp\/v2\/pages\/95\/revisions"}],"predecessor-version":[{"id":292,"href":"https:\/\/jugement.ufolepgym.com\/index.php\/wp-json\/wp\/v2\/pages\/95\/revisions\/292"}],"wp:attachment":[{"href":"https:\/\/jugement.ufolepgym.com\/index.php\/wp-json\/wp\/v2\/media?parent=95"}],"curies":[{"name":"wp","href":"https:\/\/api.w.org\/{rel}","templated":true}]}}