{"id":53,"date":"2024-08-31T16:28:11","date_gmt":"2024-08-31T14:28:11","guid":{"rendered":"https:\/\/jugement.ufolepgym.com\/?page_id=53"},"modified":"2024-10-20T19:57:51","modified_gmt":"2024-10-20T17:57:51","slug":"examens","status":"publish","type":"page","link":"https:\/\/jugement.ufolepgym.com\/index.php\/examens\/","title":{"rendered":"EXAMENS"},"content":{"rendered":"\n<div class=\"wp-block-media-text has-media-on-the-right is-stacked-on-mobile is-vertically-aligned-center has-vivid-cyan-blue-color has-text-color has-link-color wp-elements-ac4858eb2f48b4535c11ab31a32a70f1\"><div class=\"wp-block-media-text__content\">\n<p class=\"has-black-color has-text-color has-link-color wp-elements-4203f4667dbd4eab18badf638e2b03b7\">Vous pouvez consulter tous les r\u00e9sultats d&rsquo;examens \u00ab\u00a0juges\u00a0\u00bb (Brevet F\u00e9d\u00e9ral Officiel)<\/p>\n\n\n\n<p class=\"has-text-align-center\"><a href=\"https:\/\/ufolep-my.sharepoint.com\/:f:\/g\/personal\/sdesmots_ufolep_org\/EtIfy7z7pWBKk4Bi6CbM350BqdUxYhSKWsQA5q-CnCYa7Q?e=atNqh6\" target=\"_blank\" rel=\"noreferrer noopener\">Acc\u00e9der aux r\u00e9sultats d&rsquo;examen<\/a><\/p>\n<\/div><figure class=\"wp-block-media-text__media\"><img loading=\"lazy\" decoding=\"async\" width=\"750\" height=\"424\" src=\"https:\/\/jugement.ufolepgym.com\/wp-content\/uploads\/2024\/08\/resultats_examens.jpg\" alt=\"\" class=\"wp-image-74 size-full\" srcset=\"https:\/\/jugement.ufolepgym.com\/wp-content\/uploads\/2024\/08\/resultats_examens.jpg 750w, https:\/\/jugement.ufolepgym.com\/wp-content\/uploads\/2024\/08\/resultats_examens-300x170.jpg 300w\" sizes=\"auto, (max-width: 750px) 100vw, 750px\" \/><\/figure><\/div>\n\n\n\n<div class=\"wp-block-media-text is-stacked-on-mobile is-vertically-aligned-center\"><figure class=\"wp-block-media-text__media\"><img loading=\"lazy\" decoding=\"async\" width=\"1024\" height=\"896\" src=\"https:\/\/jugement.ufolepgym.com\/wp-content\/uploads\/2024\/08\/formation-de-formateur-1024x896.jpg\" alt=\"\" class=\"wp-image-73 size-full\" srcset=\"https:\/\/jugement.ufolepgym.com\/wp-content\/uploads\/2024\/08\/formation-de-formateur-1024x896.jpg 1024w, https:\/\/jugement.ufolepgym.com\/wp-content\/uploads\/2024\/08\/formation-de-formateur-300x262.jpg 300w, https:\/\/jugement.ufolepgym.com\/wp-content\/uploads\/2024\/08\/formation-de-formateur-768x672.jpg 768w, https:\/\/jugement.ufolepgym.com\/wp-content\/uploads\/2024\/08\/formation-de-formateur-1536x1344.jpg 1536w, https:\/\/jugement.ufolepgym.com\/wp-content\/uploads\/2024\/08\/formation-de-formateur.jpg 1964w\" sizes=\"auto, (max-width: 1024px) 100vw, 1024px\" \/><\/figure><div class=\"wp-block-media-text__content\">\n<p>Acc\u00e8s r\u00e9serv\u00e9 aux formateurs qui y trouveront les vid\u00e9os, les corrections, le QCM, les feuilles \u00e0 imprimer.<\/p>\n\n\n\n<p><a href=\"https:\/\/ufolepgym.com\/index.php\/examens-des-juges-feminins-et-masculins\/\" target=\"_blank\" rel=\"noreferrer noopener\">Site r\u00e9serv\u00e9<\/a><\/p>\n<\/div><\/div>\n\n\n\n<div class=\"wp-block-media-text has-media-on-the-right is-stacked-on-mobile\"><div class=\"wp-block-media-text__content\">\n<p>Mais au fait, comment se passe un examen ? Quel est le bar\u00e8me ?<\/p>\n\n\n\n<p><a href=\"https:\/\/ufolep-my.sharepoint.com\/:w:\/g\/personal\/sdesmots_ufolep_org\/Ec_oewtOgPxGortBLcnoR9EB22yluUPFSJBZ1j0YGwFgjg?e=kl4tPM\" target=\"_blank\" rel=\"noreferrer noopener\">Nous vous r\u00e9pondons ici !<\/a><\/p>\n<\/div><figure class=\"wp-block-media-text__media\"><img loading=\"lazy\" decoding=\"async\" width=\"612\" height=\"490\" src=\"https:\/\/jugement.ufolepgym.com\/wp-content\/uploads\/2024\/08\/question.jpg\" alt=\"\" class=\"wp-image-75 size-full\" srcset=\"https:\/\/jugement.ufolepgym.com\/wp-content\/uploads\/2024\/08\/question.jpg 612w, https:\/\/jugement.ufolepgym.com\/wp-content\/uploads\/2024\/08\/question-300x240.jpg 300w\" sizes=\"auto, (max-width: 612px) 100vw, 612px\" \/><\/figure><\/div>\n","protected":false},"excerpt":{"rendered":"<p>Vous pouvez consulter tous les r\u00e9sultats d&rsquo;examens \u00ab\u00a0juges\u00a0\u00bb (Brevet F\u00e9d\u00e9ral Officiel) Acc\u00e9der aux r\u00e9sultats d&rsquo;examen Acc\u00e8s r\u00e9serv\u00e9 aux formateurs qui y trouveront les vid\u00e9os, les corrections, le QCM, les feuilles \u00e0 imprimer. Site r\u00e9serv\u00e9 Mais au fait, comment se passe un examen ? Quel est le bar\u00e8me ? Nous vous r\u00e9pondons ici !<\/p>\n","protected":false},"author":2,"featured_media":0,"parent":0,"menu_order":0,"comment_status":"closed","ping_status":"closed","template":"","meta":{"footnotes":""},"class_list":["post-53","page","type-page","status-publish","hentry"],"_links":{"self":[{"href":"https:\/\/jugement.ufolepgym.com\/index.php\/wp-json\/wp\/v2\/pages\/53","targetHints":{"allow":["GET"]}}],"collection":[{"href":"https:\/\/jugement.ufolepgym.com\/index.php\/wp-json\/wp\/v2\/pages"}],"about":[{"href":"https:\/\/jugement.ufolepgym.com\/index.php\/wp-json\/wp\/v2\/types\/page"}],"author":[{"embeddable":true,"href":"https:\/\/jugement.ufolepgym.com\/index.php\/wp-json\/wp\/v2\/users\/2"}],"replies":[{"embeddable":true,"href":"https:\/\/jugement.ufolepgym.com\/index.php\/wp-json\/wp\/v2\/comments?post=53"}],"version-history":[{"count":9,"href":"https:\/\/jugement.ufolepgym.com\/index.php\/wp-json\/wp\/v2\/pages\/53\/revisions"}],"predecessor-version":[{"id":213,"href":"https:\/\/jugement.ufolepgym.com\/index.php\/wp-json\/wp\/v2\/pages\/53\/revisions\/213"}],"wp:attachment":[{"href":"https:\/\/jugement.ufolepgym.com\/index.php\/wp-json\/wp\/v2\/media?parent=53"}],"curies":[{"name":"wp","href":"https:\/\/api.w.org\/{rel}","templated":true}]}}