{"id":52,"date":"2024-08-31T16:28:11","date_gmt":"2024-08-31T14:28:11","guid":{"rendered":"https:\/\/jugement.ufolepgym.com\/?page_id=52"},"modified":"2026-02-25T23:23:41","modified_gmt":"2026-02-25T22:23:41","slug":"outils","status":"publish","type":"page","link":"https:\/\/jugement.ufolepgym.com\/index.php\/outils\/","title":{"rendered":"OUTILS JUGEMENT"},"content":{"rendered":"\n<p>Profitez de la r\u00e9alisation de certaines personnes, ou certaines commissions, qui mettent \u00e0 disposition des outils pour faciliter votre jugement.<\/p>\n\n\n\n<div class=\"wp-block-buttons has-custom-font-size has-medium-font-size is-content-justification-center is-layout-flex wp-container-core-buttons-is-layout-16018d1d wp-block-buttons-is-layout-flex\">\n<div class=\"wp-block-button is-style-fill\"><a class=\"wp-block-button__link has-pale-pink-background-color has-background wp-element-button\" href=\"https:\/\/ufolep-my.sharepoint.com\/:f:\/g\/personal\/sdesmots_ufolep_org\/Er4uU6xhHXJInKRSF_6C33oB9a0g4TvxlFR2v790Jfydtw?e=f0ol3L\">Vid\u00e9os \u00e9l\u00e9ments GAF<\/a><\/div>\n<\/div>\n\n\n\n<div class=\"wp-block-media-text is-stacked-on-mobile is-vertically-aligned-center\" style=\"grid-template-columns:32% auto\"><figure class=\"wp-block-media-text__media\"><a href=\"https:\/\/docs.google.com\/document\/d\/1FP672tYuCoZlWBto03X4vVDa6wGMFH5Fmr8Uq80unhY\/edit\" target=\"_blank\" rel=\"noreferrer noopener\"><img loading=\"lazy\" decoding=\"async\" width=\"540\" height=\"771\" src=\"https:\/\/jugement.ufolepgym.com\/wp-content\/uploads\/2024\/09\/fiche.jpg\" alt=\"\" class=\"wp-image-135 size-full\" srcset=\"https:\/\/jugement.ufolepgym.com\/wp-content\/uploads\/2024\/09\/fiche.jpg 540w, https:\/\/jugement.ufolepgym.com\/wp-content\/uploads\/2024\/09\/fiche-210x300.jpg 210w\" sizes=\"auto, (max-width: 540px) 100vw, 540px\" \/><\/a><\/figure><div class=\"wp-block-media-text__content\">\n<h2 class=\"wp-block-heading\">Fiches \u00e9l\u00e9ments GAF<\/h2>\n\n\n\n<p>Pour harmoniser le jugement GAF, voici un document amenant des pr\u00e9cisions sur chaque \u00e9l\u00e9ment de la brochure<\/p>\n<\/div><\/div>\n\n\n\n<div class=\"wp-block-media-text has-media-on-the-right is-stacked-on-mobile is-vertically-aligned-center\"><div class=\"wp-block-media-text__content\">\n<h2 class=\"wp-block-heading\">Feuilles jugement GAM<\/h2>\n\n\n\n<p>Feuilles de jugement GAM en comp\u00e9tition par niveau, facilitant le calcul de la note de d\u00e9part<\/p>\n<\/div><figure class=\"wp-block-media-text__media\"><a href=\"https:\/\/ufolep-my.sharepoint.com\/:b:\/g\/personal\/sdesmots_ufolep_org\/ET2Z53JKU6hAq5RIk7pbLGcBJYzInO-RSfp8SO7Phv1h8A?e=LV3ucc\" target=\"_blank\" rel=\"noreferrer noopener\"><img loading=\"lazy\" decoding=\"async\" width=\"1024\" height=\"619\" src=\"https:\/\/jugement.ufolepgym.com\/wp-content\/uploads\/2024\/09\/jugementGAM-1024x619.jpg\" alt=\"\" class=\"wp-image-124 size-full\" srcset=\"https:\/\/jugement.ufolepgym.com\/wp-content\/uploads\/2024\/09\/jugementGAM-1024x619.jpg 1024w, https:\/\/jugement.ufolepgym.com\/wp-content\/uploads\/2024\/09\/jugementGAM-300x181.jpg 300w, https:\/\/jugement.ufolepgym.com\/wp-content\/uploads\/2024\/09\/jugementGAM-768x465.jpg 768w, https:\/\/jugement.ufolepgym.com\/wp-content\/uploads\/2024\/09\/jugementGAM.jpg 1235w\" sizes=\"auto, (max-width: 1024px) 100vw, 1024px\" \/><\/a><\/figure><\/div>\n\n\n\n<div class=\"wp-block-media-text is-stacked-on-mobile is-vertically-aligned-center\"><figure class=\"wp-block-media-text__media\"><a href=\"https:\/\/ufolep-my.sharepoint.com\/:x:\/g\/personal\/sdesmots_ufolep_org\/EbxlX9FvOq9Is4uzMqOvZ_UBelika4fKfE5Wkqtg4SaAyw?e=mquOOq\" target=\"_blank\" rel=\"noreferrer noopener\"><img loading=\"lazy\" decoding=\"async\" width=\"1024\" height=\"672\" src=\"https:\/\/jugement.ufolepgym.com\/wp-content\/uploads\/2024\/09\/jugementGAF-1024x672.jpg\" alt=\"\" class=\"wp-image-122 size-full\" srcset=\"https:\/\/jugement.ufolepgym.com\/wp-content\/uploads\/2024\/09\/jugementGAF-1024x672.jpg 1024w, https:\/\/jugement.ufolepgym.com\/wp-content\/uploads\/2024\/09\/jugementGAF-300x197.jpg 300w, https:\/\/jugement.ufolepgym.com\/wp-content\/uploads\/2024\/09\/jugementGAF-768x504.jpg 768w, https:\/\/jugement.ufolepgym.com\/wp-content\/uploads\/2024\/09\/jugementGAF.jpg 1162w\" sizes=\"auto, (max-width: 1024px) 100vw, 1024px\" \/><\/a><\/figure><div class=\"wp-block-media-text__content\">\n<h2 class=\"wp-block-heading\">Feuilles jugement GAF<\/h2>\n\n\n\n<p>Feuilles de jugement GAF en comp\u00e9tition par niveau, facilitant le calcul de la note de d\u00e9part<\/p>\n<\/div><\/div>\n\n\n\n<div class=\"wp-block-media-text has-media-on-the-right is-stacked-on-mobile is-vertically-aligned-center\"><div class=\"wp-block-media-text__content\">\n<h2 class=\"wp-block-heading\">Feuille jugement saut<\/h2>\n\n\n\n<p>Feuilles de jugement sp\u00e9cifique au saut (GAF\/GAM).<\/p>\n<\/div><figure class=\"wp-block-media-text__media\"><a href=\"https:\/\/u1.padletusercontent.com\/uploads\/padlet-uploads\/1182248519\/aef5179222252fc572b0f6bd5b8e282b\/Feuille_jugement_saut_comp_tition.pdf?token=n1Al_uczmggwFWTTI3NnXcmdPB_izyuewOBfhY1H5guNTz2D5TCvuRAz_eWp3sjxCKfZvdhp8HYCrW9d6nnyyeWvi256UQmrxw4SKCElrV2KS2itCDnRwaQPmCmUfKViySnmjsKTghbRQA88uGkMp4tiHuY3aDPffC6Iu7XQlDkVgPBtePi1Xn2_V3RXE1xT5LVoZMjREZRmy74EK48qhXDSw13qbuI0M4v2bJDq0ps0OdKtA-cIQM_eUJmoCJj7oGhGhvClvP0AxDcvCrFfnQ==\" target=\"_blank\" rel=\"noreferrer noopener\"><img loading=\"lazy\" decoding=\"async\" width=\"965\" height=\"615\" src=\"https:\/\/jugement.ufolepgym.com\/wp-content\/uploads\/2024\/09\/saut.jpg\" alt=\"\" class=\"wp-image-121 size-full\" srcset=\"https:\/\/jugement.ufolepgym.com\/wp-content\/uploads\/2024\/09\/saut.jpg 965w, https:\/\/jugement.ufolepgym.com\/wp-content\/uploads\/2024\/09\/saut-300x191.jpg 300w, https:\/\/jugement.ufolepgym.com\/wp-content\/uploads\/2024\/09\/saut-768x489.jpg 768w\" sizes=\"auto, (max-width: 965px) 100vw, 965px\" \/><\/a><\/figure><\/div>\n\n\n\n<div class=\"wp-block-media-text is-stacked-on-mobile is-vertically-aligned-center\"><figure class=\"wp-block-media-text__media\"><a href=\"https:\/\/u1.padletusercontent.com\/uploads\/padlet-uploads\/1182248519\/1a83c38910cb242b1d2199a8aeeb2a5c\/Feuille_jugement_saut_comp_tition_Saut_extension_ATR_plat_dos.pdf?token=n1Al_uczmggwFWTTI3NnXcmdPB_izyuewOBfhY1H5guNTz2D5TCvuRAz_eWp3sjxCKfZvdhp8HYCrW9d6nnyyeWvi256UQmrxw4SKCElrV2KS2itCDnRwaQPmCmUfKViv4aosO9UAR9aJ98arON78af1v-dYbxsVbfT26uGglddcqW6zeuDIzkNMkRavVnXgijhH4WLfwJ9wupgPZ8hq3I5BBFQ1G5pw_RxxzUAhUi_lhb_p8WZIETGEkCK9psVbg-bkWmfQFK-GXrif0iBPA3nfvEyY53m9-bv1qhp9Xrd3dsQVMdgl8uqaUPUEVtk9\" target=\"_blank\" rel=\"noreferrer noopener\"><img loading=\"lazy\" decoding=\"async\" width=\"968\" height=\"657\" src=\"https:\/\/jugement.ufolepgym.com\/wp-content\/uploads\/2024\/09\/platDos.jpg\" alt=\"\" class=\"wp-image-117 size-full\" srcset=\"https:\/\/jugement.ufolepgym.com\/wp-content\/uploads\/2024\/09\/platDos.jpg 968w, https:\/\/jugement.ufolepgym.com\/wp-content\/uploads\/2024\/09\/platDos-300x204.jpg 300w, https:\/\/jugement.ufolepgym.com\/wp-content\/uploads\/2024\/09\/platDos-768x521.jpg 768w\" sizes=\"auto, (max-width: 968px) 100vw, 968px\" \/><\/a><\/figure><div class=\"wp-block-media-text__content\">\n<h2 class=\"wp-block-heading\">Feuille jugement pile de tapis<\/h2>\n\n\n\n<p>Feuille de jugement sp\u00e9cifique au premier saut par saut extension puis ATR plat dos<\/p>\n<\/div><\/div>\n\n\n\n<div class=\"wp-block-media-text has-media-on-the-right is-stacked-on-mobile\"><div class=\"wp-block-media-text__content\">\n<h2 class=\"wp-block-heading\">Brochure GAF simplifi\u00e9e<\/h2>\n\n\n\n<p>Mini brochure de jugement GAF, simplifi\u00e9e en ne faisant apparaitre que les 0,1 et 0,7 avec leur symbole, et class\u00e9s par famille.<\/p>\n\n\n\n<div class=\"wp-block-buttons is-layout-flex wp-block-buttons-is-layout-flex\">\n<div class=\"wp-block-button is-style-outline is-style-outline--1\"><a class=\"wp-block-button__link has-white-color has-vivid-cyan-blue-background-color has-text-color has-background has-link-color wp-element-button\" href=\"https:\/\/ufolep-my.sharepoint.com\/:b:\/g\/personal\/sdesmots_ufolep_org\/IQCFxJEEYJ5zQ43tikugtr8TAdyhqKb8mYg9oZ-R_CDif1A?e=075yw0\">Barres<\/a><\/div>\n\n\n\n<div class=\"wp-block-button\"><a class=\"wp-block-button__link has-pale-pink-background-color has-background wp-element-button\" href=\"https:\/\/ufolep-my.sharepoint.com\/:b:\/g\/personal\/sdesmots_ufolep_org\/IQBOng8NGVCLTbDNZuDEGRSJAQVHgCl1caMTQ2vtyyNIqBI?e=D1uiuD\">Poutre<\/a><\/div>\n\n\n\n<div class=\"wp-block-button is-style-outline is-style-outline--2\"><a class=\"wp-block-button__link has-white-color has-luminous-vivid-amber-background-color has-text-color has-background has-link-color wp-element-button\" href=\"https:\/\/ufolep-my.sharepoint.com\/:b:\/g\/personal\/sdesmots_ufolep_org\/IQD13tTfGF5qRpWhWsSfj5Y4AUCF5qPJoutMZGZbFqZ353I?e=pkhFQP\">Sol<\/a><\/div>\n<\/div>\n<\/div><figure class=\"wp-block-media-text__media\"><img loading=\"lazy\" decoding=\"async\" width=\"793\" height=\"548\" src=\"https:\/\/jugement.ufolepgym.com\/wp-content\/uploads\/2024\/09\/BrochureSimplifiee-1.jpg\" alt=\"\" class=\"wp-image-119 size-full\" srcset=\"https:\/\/jugement.ufolepgym.com\/wp-content\/uploads\/2024\/09\/BrochureSimplifiee-1.jpg 793w, https:\/\/jugement.ufolepgym.com\/wp-content\/uploads\/2024\/09\/BrochureSimplifiee-1-300x207.jpg 300w, https:\/\/jugement.ufolepgym.com\/wp-content\/uploads\/2024\/09\/BrochureSimplifiee-1-768x531.jpg 768w\" sizes=\"auto, (max-width: 793px) 100vw, 793px\" \/><\/figure><\/div>\n\n\n\n<div class=\"wp-block-media-text is-stacked-on-mobile\"><figure class=\"wp-block-media-text__media\"><a href=\"https:\/\/u1.padletusercontent.com\/uploads\/padlet-uploads\/1182248519\/66ffefb617f050252b870db5ae3a56eb\/fiches_jugement_r_cap_N8_N7.pdf?token=n1Al_uczmggwFWTTI3NnXcmdPB_izyuewOBfhY1H5guNTz2D5TCvuRAz_eWp3sjxCKfZvdhp8HYCrW9d6nnyyeWvi256UQmrxw4SKCElrV2KS2itCDnRwaQPmCmUfKViFYE2eoQnaohjcQPmmoc1speFFUNySAOHTt81-lHp5-z4L1_pr6lK6U8utpjPJ9mLbyLAft_U1iedgiwTotgixaqGjWemkRmPgyYWTTu4xRJKVB7Vw7N3UTDXxlSThTxxpTGhudDSCMeZyiNJmU8yQQ==\" target=\"_blank\" rel=\"noreferrer noopener\"><img loading=\"lazy\" decoding=\"async\" width=\"776\" height=\"413\" src=\"https:\/\/jugement.ufolepgym.com\/wp-content\/uploads\/2024\/09\/fichesNiveaux.jpg\" alt=\"\" class=\"wp-image-120 size-full\" srcset=\"https:\/\/jugement.ufolepgym.com\/wp-content\/uploads\/2024\/09\/fichesNiveaux.jpg 776w, https:\/\/jugement.ufolepgym.com\/wp-content\/uploads\/2024\/09\/fichesNiveaux-300x160.jpg 300w, https:\/\/jugement.ufolepgym.com\/wp-content\/uploads\/2024\/09\/fichesNiveaux-768x409.jpg 768w\" sizes=\"auto, (max-width: 776px) 100vw, 776px\" \/><\/a><\/figure><div class=\"wp-block-media-text__content\">\n<h2 class=\"wp-block-heading\">R\u00e9capitulatifs niveaux GAF<\/h2>\n\n\n\n<p>Feuilles jugement GAF r\u00e9capitulant pour chaque niveau la composition de la note de d\u00e9part, les exigences sp\u00e9cifiques et bonus, etc.<\/p>\n<\/div><\/div>\n\n\n\n<p><\/p>\n\n\n\n<p><\/p>\n","protected":false},"excerpt":{"rendered":"<p>Profitez de la r\u00e9alisation de certaines personnes, ou certaines commissions, qui mettent \u00e0 disposition des outils pour faciliter votre jugement. Fiches \u00e9l\u00e9ments GAF Pour harmoniser le jugement GAF, voici un document amenant des pr\u00e9cisions sur chaque \u00e9l\u00e9ment de la brochure Feuilles jugement GAM Feuilles de jugement GAM en comp\u00e9tition par niveau, facilitant le calcul de &hellip; <a href=\"https:\/\/jugement.ufolepgym.com\/index.php\/outils\/\" class=\"more-link\">Continue reading <span class=\"screen-reader-text\">OUTILS JUGEMENT<\/span><\/a><\/p>\n","protected":false},"author":2,"featured_media":0,"parent":0,"menu_order":0,"comment_status":"closed","ping_status":"closed","template":"","meta":{"footnotes":""},"class_list":["post-52","page","type-page","status-publish","hentry"],"_links":{"self":[{"href":"https:\/\/jugement.ufolepgym.com\/index.php\/wp-json\/wp\/v2\/pages\/52","targetHints":{"allow":["GET"]}}],"collection":[{"href":"https:\/\/jugement.ufolepgym.com\/index.php\/wp-json\/wp\/v2\/pages"}],"about":[{"href":"https:\/\/jugement.ufolepgym.com\/index.php\/wp-json\/wp\/v2\/types\/page"}],"author":[{"embeddable":true,"href":"https:\/\/jugement.ufolepgym.com\/index.php\/wp-json\/wp\/v2\/users\/2"}],"replies":[{"embeddable":true,"href":"https:\/\/jugement.ufolepgym.com\/index.php\/wp-json\/wp\/v2\/comments?post=52"}],"version-history":[{"count":18,"href":"https:\/\/jugement.ufolepgym.com\/index.php\/wp-json\/wp\/v2\/pages\/52\/revisions"}],"predecessor-version":[{"id":355,"href":"https:\/\/jugement.ufolepgym.com\/index.php\/wp-json\/wp\/v2\/pages\/52\/revisions\/355"}],"wp:attachment":[{"href":"https:\/\/jugement.ufolepgym.com\/index.php\/wp-json\/wp\/v2\/media?parent=52"}],"curies":[{"name":"wp","href":"https:\/\/api.w.org\/{rel}","templated":true}]}}