{"id":51,"date":"2024-08-31T16:28:11","date_gmt":"2024-08-31T14:28:11","guid":{"rendered":"https:\/\/jugement.ufolepgym.com\/?page_id=51"},"modified":"2024-11-21T23:14:29","modified_gmt":"2024-11-21T22:14:29","slug":"formation","status":"publish","type":"page","link":"https:\/\/jugement.ufolepgym.com\/index.php\/formation\/","title":{"rendered":"FORMATION"},"content":{"rendered":"\n<div class=\"wp-block-media-text is-stacked-on-mobile is-vertically-aligned-center\" style=\"grid-template-columns:41% auto\"><figure class=\"wp-block-media-text__media\"><a href=\"https:\/\/docs.google.com\/spreadsheets\/d\/1ralMksPtAv12Pclm-99HjGPexDhQ-AWpyCtQQPA-yj8\" target=\"_blank\" rel=\"noreferrer noopener\"><img loading=\"lazy\" decoding=\"async\" width=\"800\" height=\"800\" src=\"https:\/\/jugement.ufolepgym.com\/wp-content\/uploads\/2024\/09\/calendrier.webp\" alt=\"\" class=\"wp-image-126 size-full\" srcset=\"https:\/\/jugement.ufolepgym.com\/wp-content\/uploads\/2024\/09\/calendrier.webp 800w, https:\/\/jugement.ufolepgym.com\/wp-content\/uploads\/2024\/09\/calendrier-300x300.webp 300w, https:\/\/jugement.ufolepgym.com\/wp-content\/uploads\/2024\/09\/calendrier-150x150.webp 150w, https:\/\/jugement.ufolepgym.com\/wp-content\/uploads\/2024\/09\/calendrier-768x768.webp 768w\" sizes=\"auto, (max-width: 800px) 100vw, 800px\" \/><\/a><\/figure><div class=\"wp-block-media-text__content\">\n<h2 class=\"wp-block-heading\">Calendrier des formations<\/h2>\n\n\n\n<p>Un fichier en ligne r\u00e9capitule <a href=\"https:\/\/docs.google.com\/spreadsheets\/d\/1ralMksPtAv12Pclm-99HjGPexDhQ-AWpyCtQQPA-yj8\" target=\"_blank\" rel=\"noreferrer noopener\">l&rsquo;ensemble des formations avec les dates, lieux et contacts<\/a>.<\/p>\n\n\n\n<p>Vous pouvez retrouver <a href=\"https:\/\/docs.google.com\/spreadsheets\/d\/1dIfExkKGYodJL2TFc_Go6sTeiiWPOxsYAx1G84fKOlg\" data-type=\"link\" data-id=\"https:\/\/docs.google.com\/spreadsheets\/d\/1dIfExkKGYodJL2TFc_Go6sTeiiWPOxsYAx1G84fKOlg\" target=\"_blank\" rel=\"noreferrer noopener\">les contacts de chaque \u00e9chelon<\/a> sur le document en ligne de la CNS.<\/p>\n<\/div><\/div>\n\n\n\n<div class=\"wp-block-media-text has-media-on-the-right is-stacked-on-mobile\" style=\"grid-template-columns:auto 40%\"><div class=\"wp-block-media-text__content\">\n<h2 class=\"wp-block-heading\">S&rsquo;inscrire<\/h2>\n\n\n\n<p>Pour s&rsquo;inscrire sur une formation, vous devez avoir 13 ans (BF1), la licence valid\u00e9e et vous rendre sur le site <a href=\"https:\/\/formations.ufolep.org\/\" target=\"_blank\" rel=\"noreferrer noopener\">https:\/\/formations.ufolep.org\/<\/a><\/p>\n\n\n\n<p><strong><em>Pour vous aider \u00e0 cr\u00e9er un compte :<\/em><\/strong><\/p>\n\n\n\n<p>Pour le club : <a href=\"https:\/\/youtu.be\/ip6jlqcCbpw\" target=\"_blank\" rel=\"noreferrer noopener\">https:\/\/youtu.be\/ip6jlqcCbpw<\/a><br>Pour le candidat : <a href=\"https:\/\/youtu.be\/Ir5Zrs7q3Rc\" target=\"_blank\" rel=\"noreferrer noopener\">https:\/\/youtu.be\/Ir5Zrs7q3Rc<\/a><\/p>\n\n\n\n<p><em><strong>Pour s&rsquo;inscrire :<\/strong><\/em><\/p>\n\n\n\n<p>Par le club : <a href=\"https:\/\/youtu.be\/MV0iLdfye7Q\" target=\"_blank\" rel=\"noreferrer noopener\">https:\/\/youtu.be\/MV0iLdfye7Q<\/a><br>soi-m\u00eame : <a href=\"https:\/\/youtu.be\/dF83M07SoL8\" target=\"_blank\" rel=\"noreferrer noopener\">https:\/\/youtu.be\/dF83M07SoL8<\/a><\/p>\n<\/div><figure class=\"wp-block-media-text__media\"><a href=\"https:\/\/formation.ufolep.org\/\" target=\"_blank\" rel=\"noreferrer noopener\"><img loading=\"lazy\" decoding=\"async\" width=\"1000\" height=\"1000\" src=\"https:\/\/jugement.ufolepgym.com\/wp-content\/uploads\/2024\/09\/inscrire.jpg\" alt=\"\" class=\"wp-image-128 size-full\" srcset=\"https:\/\/jugement.ufolepgym.com\/wp-content\/uploads\/2024\/09\/inscrire.jpg 1000w, https:\/\/jugement.ufolepgym.com\/wp-content\/uploads\/2024\/09\/inscrire-300x300.jpg 300w, https:\/\/jugement.ufolepgym.com\/wp-content\/uploads\/2024\/09\/inscrire-150x150.jpg 150w, https:\/\/jugement.ufolepgym.com\/wp-content\/uploads\/2024\/09\/inscrire-768x768.jpg 768w\" sizes=\"auto, (max-width: 1000px) 100vw, 1000px\" \/><\/a><\/figure><\/div>\n\n\n\n<div class=\"wp-block-media-text is-stacked-on-mobile is-vertically-aligned-center\" style=\"grid-template-columns:39% auto\"><figure class=\"wp-block-media-text__media\"><img loading=\"lazy\" decoding=\"async\" width=\"782\" height=\"512\" src=\"https:\/\/jugement.ufolepgym.com\/wp-content\/uploads\/2024\/09\/PNF.jpg\" alt=\"\" class=\"wp-image-129 size-full\" srcset=\"https:\/\/jugement.ufolepgym.com\/wp-content\/uploads\/2024\/09\/PNF.jpg 782w, https:\/\/jugement.ufolepgym.com\/wp-content\/uploads\/2024\/09\/PNF-300x196.jpg 300w, https:\/\/jugement.ufolepgym.com\/wp-content\/uploads\/2024\/09\/PNF-768x503.jpg 768w\" sizes=\"auto, (max-width: 782px) 100vw, 782px\" \/><\/figure><div class=\"wp-block-media-text__content\">\n<h2 class=\"wp-block-heading\">PNF &#8211; Plan National de Formation<\/h2>\n\n\n\n<ul class=\"wp-block-list\">\n<li><a href=\"https:\/\/ufolep-my.sharepoint.com\/:p:\/g\/personal\/sdesmots_ufolep_org\/ERVprk6-fadBh4-E_okfvMoBxOwKiIH-niqkLSmY_1o9ng?e=x79PWE\" target=\"_blank\" rel=\"noreferrer noopener\">Pr\u00e9sentation du PNF BFO<\/a><\/li>\n\n\n\n<li><a href=\"https:\/\/ufolep-my.sharepoint.com\/:b:\/g\/personal\/sdesmots_ufolep_org\/ERtrMwYJOOhHg_Vwv9qmX78BpqcDsBdhRLRo9VdyHDoDZA?e=xdiBrd\" target=\"_blank\" rel=\"noreferrer noopener\">Jugement f\u00e9minin &#8211; sp\u00e9cificit\u00e9s du PNF<\/a><\/li>\n\n\n\n<li><a href=\"https:\/\/ufolep-my.sharepoint.com\/:b:\/g\/personal\/sdesmots_ufolep_org\/EevliS8_7GdLnQ3iw22QnzMBUNPiv-VeL7-IOFrK-GfDlw?e=sFOGbe\" target=\"_blank\" rel=\"noreferrer noopener\">Jugement masculin &#8211; sp\u00e9cificit\u00e9s du PNF<\/a><\/li>\n<\/ul>\n\n\n\n<p><\/p>\n<\/div><\/div>\n","protected":false},"excerpt":{"rendered":"<p>Calendrier des formations Un fichier en ligne r\u00e9capitule l&rsquo;ensemble des formations avec les dates, lieux et contacts. Vous pouvez retrouver les contacts de chaque \u00e9chelon sur le document en ligne de la CNS. S&rsquo;inscrire Pour s&rsquo;inscrire sur une formation, vous devez avoir 13 ans (BF1), la licence valid\u00e9e et vous rendre sur le site https:\/\/formations.ufolep.org\/ &hellip; <a href=\"https:\/\/jugement.ufolepgym.com\/index.php\/formation\/\" class=\"more-link\">Continue reading <span class=\"screen-reader-text\">FORMATION<\/span><\/a><\/p>\n","protected":false},"author":2,"featured_media":0,"parent":0,"menu_order":0,"comment_status":"closed","ping_status":"closed","template":"","meta":{"footnotes":""},"class_list":["post-51","page","type-page","status-publish","hentry"],"_links":{"self":[{"href":"https:\/\/jugement.ufolepgym.com\/index.php\/wp-json\/wp\/v2\/pages\/51","targetHints":{"allow":["GET"]}}],"collection":[{"href":"https:\/\/jugement.ufolepgym.com\/index.php\/wp-json\/wp\/v2\/pages"}],"about":[{"href":"https:\/\/jugement.ufolepgym.com\/index.php\/wp-json\/wp\/v2\/types\/page"}],"author":[{"embeddable":true,"href":"https:\/\/jugement.ufolepgym.com\/index.php\/wp-json\/wp\/v2\/users\/2"}],"replies":[{"embeddable":true,"href":"https:\/\/jugement.ufolepgym.com\/index.php\/wp-json\/wp\/v2\/comments?post=51"}],"version-history":[{"count":11,"href":"https:\/\/jugement.ufolepgym.com\/index.php\/wp-json\/wp\/v2\/pages\/51\/revisions"}],"predecessor-version":[{"id":227,"href":"https:\/\/jugement.ufolepgym.com\/index.php\/wp-json\/wp\/v2\/pages\/51\/revisions\/227"}],"wp:attachment":[{"href":"https:\/\/jugement.ufolepgym.com\/index.php\/wp-json\/wp\/v2\/media?parent=51"}],"curies":[{"name":"wp","href":"https:\/\/api.w.org\/{rel}","templated":true}]}}