{"id":48,"date":"2024-08-31T16:28:11","date_gmt":"2024-08-31T14:28:11","guid":{"rendered":"https:\/\/jugement.ufolepgym.com\/?page_id=48"},"modified":"2025-11-06T23:19:44","modified_gmt":"2025-11-06T22:19:44","slug":"brochure","status":"publish","type":"page","link":"https:\/\/jugement.ufolepgym.com\/index.php\/brochure\/","title":{"rendered":"BROCHURE"},"content":{"rendered":"\n<div class=\"wp-block-media-text has-media-on-the-right is-stacked-on-mobile is-vertically-aligned-center\"><div class=\"wp-block-media-text__content\">\n<p class=\"has-small-font-size\">Le programme technique, aussi appel\u00e9 \u00ab\u00a0brochure\u00a0\u00bb, est le seul document officiel.<br>Il contient :<\/p>\n\n\n\n<ul class=\"wp-block-list has-small-font-size\">\n<li>les r\u00e8glements g\u00e9n\u00e9raux,<\/li>\n\n\n\n<li>le programme de comp\u00e9tition,<\/li>\n\n\n\n<li class=\"has-small-font-size\">les niveaux et cat\u00e9gories d&rsquo;\u00e2ge,<\/li>\n\n\n\n<li>la norme des agr\u00e8s,<\/li>\n\n\n\n<li>les tableaux des fautes,<\/li>\n\n\n\n<li>les \u00e9l\u00e9ments par agr\u00e8s<\/li>\n<\/ul>\n<\/div><figure class=\"wp-block-media-text__media\"><img loading=\"lazy\" decoding=\"async\" width=\"842\" height=\"595\" src=\"https:\/\/jugement.ufolepgym.com\/wp-content\/uploads\/2024\/09\/brochure.png\" alt=\"\" class=\"wp-image-113 size-full\" srcset=\"https:\/\/jugement.ufolepgym.com\/wp-content\/uploads\/2024\/09\/brochure.png 842w, https:\/\/jugement.ufolepgym.com\/wp-content\/uploads\/2024\/09\/brochure-300x212.png 300w, https:\/\/jugement.ufolepgym.com\/wp-content\/uploads\/2024\/09\/brochure-768x543.png 768w\" sizes=\"auto, (max-width: 842px) 100vw, 842px\" \/><\/figure><\/div>\n\n\n\n<h2 class=\"wp-block-heading has-small-font-size\">Consulter et t\u00e9l\u00e9charger les brochures (octobre 2025)<\/h2>\n\n\n\n<div class=\"wp-block-group is-layout-grid wp-container-core-group-is-layout-6059c0ab wp-block-group-is-layout-grid\">\n<figure class=\"wp-block-image size-full\"><a href=\"https:\/\/ufolep-my.sharepoint.com\/:b:\/g\/personal\/sdesmots_ufolep_org\/EaBa5HOZS8pPk1XoLtUowpABCAeVVmCZVkY8NRFPtfsVhQ?e=oV6oU9\" target=\"_blank\" rel=\" noreferrer noopener\"><img loading=\"lazy\" decoding=\"async\" width=\"709\" height=\"500\" src=\"https:\/\/jugement.ufolepgym.com\/wp-content\/uploads\/2025\/11\/Brochure2025.jpg\" alt=\"\" class=\"wp-image-340\" srcset=\"https:\/\/jugement.ufolepgym.com\/wp-content\/uploads\/2025\/11\/Brochure2025.jpg 709w, https:\/\/jugement.ufolepgym.com\/wp-content\/uploads\/2025\/11\/Brochure2025-300x212.jpg 300w, https:\/\/jugement.ufolepgym.com\/wp-content\/uploads\/2025\/11\/Brochure2025-153x108.jpg 153w\" sizes=\"auto, (max-width: 709px) 100vw, 709px\" \/><\/a><\/figure>\n\n\n\n<figure class=\"wp-block-image size-full\"><a href=\"https:\/\/ufolep-my.sharepoint.com\/:b:\/g\/personal\/sdesmots_ufolep_org\/EZUb27KmXYVBu7HnNAOBbNIBGqyNm1ErDWyn0ltW4yhwcg?e=jOMeFj\" target=\"_blank\" rel=\" noreferrer noopener\"><img loading=\"lazy\" decoding=\"async\" width=\"709\" height=\"501\" src=\"https:\/\/jugement.ufolepgym.com\/wp-content\/uploads\/2025\/11\/Brochure2025_GAF.jpg\" alt=\"\" class=\"wp-image-341\" srcset=\"https:\/\/jugement.ufolepgym.com\/wp-content\/uploads\/2025\/11\/Brochure2025_GAF.jpg 709w, https:\/\/jugement.ufolepgym.com\/wp-content\/uploads\/2025\/11\/Brochure2025_GAF-300x212.jpg 300w, https:\/\/jugement.ufolepgym.com\/wp-content\/uploads\/2025\/11\/Brochure2025_GAF-153x108.jpg 153w\" sizes=\"auto, (max-width: 709px) 100vw, 709px\" \/><\/a><\/figure>\n\n\n\n<figure class=\"wp-block-image size-full\"><a href=\"https:\/\/ufolep-my.sharepoint.com\/:b:\/g\/personal\/sdesmots_ufolep_org\/EbgnbarrcTxJrFmVKoy-MA0BzeZbP3GiIUAoGFBQmoW1WA?e=kLsp1M\" target=\"_blank\" rel=\" noreferrer noopener\"><img loading=\"lazy\" decoding=\"async\" width=\"709\" height=\"500\" src=\"https:\/\/jugement.ufolepgym.com\/wp-content\/uploads\/2025\/11\/Brochure2025_GAM.jpg\" alt=\"\" class=\"wp-image-342\" srcset=\"https:\/\/jugement.ufolepgym.com\/wp-content\/uploads\/2025\/11\/Brochure2025_GAM.jpg 709w, https:\/\/jugement.ufolepgym.com\/wp-content\/uploads\/2025\/11\/Brochure2025_GAM-300x212.jpg 300w, https:\/\/jugement.ufolepgym.com\/wp-content\/uploads\/2025\/11\/Brochure2025_GAM-153x108.jpg 153w\" sizes=\"auto, (max-width: 709px) 100vw, 709px\" \/><\/a><\/figure>\n<\/div>\n\n\n\n<div class=\"wp-block-buttons is-content-justification-space-between is-layout-flex wp-container-core-buttons-is-layout-3d213aab wp-block-buttons-is-layout-flex\">\n<div class=\"wp-block-button is-style-fill\"><a class=\"wp-block-button__link has-vivid-purple-background-color has-background has-custom-font-size wp-element-button\" href=\"https:\/\/ufolep-my.sharepoint.com\/:b:\/g\/personal\/sdesmots_ufolep_org\/EWNIjxb8sEZDo3K3lQ7q-24Btad1rTz3DivsdB-i-6G2Lg?e=1jOpz4\" style=\"border-radius:49px;font-size:18px\">Pages : R\u00e8glements g\u00e9n\u00e9raux &#8211; Oct 2025<\/a><\/div>\n\n\n\n<div class=\"wp-block-button\"><a class=\"wp-block-button__link has-luminous-vivid-amber-background-color has-background has-custom-font-size wp-element-button\" href=\"https:\/\/ufolep-my.sharepoint.com\/:b:\/g\/personal\/sdesmots_ufolep_org\/EUrOky4aW35KoLuP74f93bUBgUoKWDlVuJ7t6S8gNzC1lQ?e=2T5yGd\" style=\"border-radius:49px;font-size:18px\">Pages : Saut de cheval &#8211; Oct 2025<\/a><\/div>\n<\/div>\n\n\n\n<div class=\"wp-block-buttons is-content-justification-center is-layout-flex wp-container-core-buttons-is-layout-5e6b19ed wp-block-buttons-is-layout-flex\">\n<div class=\"wp-block-button has-custom-width wp-block-button__width-50\"><a class=\"wp-block-button__link has-white-color has-light-green-cyan-background-color has-text-color has-background has-link-color has-text-align-center has-custom-font-size wp-element-button\" href=\"https:\/\/ufolep-my.sharepoint.com\/:w:\/g\/personal\/sdesmots_ufolep_org\/ESy_vl9B2dBArl3_YqtCkOYBXYOCvc5exgDvZ4CtqmDW8w?e=OCKoXW\" style=\"border-radius:49px;font-size:18px\"><strong>\u00c9l\u00e9ments ajout\u00e9s<br>2024\/2025<\/strong><\/a><\/div>\n<\/div>\n\n\n\n<p><\/p>\n","protected":false},"excerpt":{"rendered":"<p>Consulter et t\u00e9l\u00e9charger les brochures (octobre 2025)<\/p>\n","protected":false},"author":2,"featured_media":0,"parent":0,"menu_order":0,"comment_status":"closed","ping_status":"closed","template":"","meta":{"footnotes":""},"class_list":["post-48","page","type-page","status-publish","hentry"],"_links":{"self":[{"href":"https:\/\/jugement.ufolepgym.com\/index.php\/wp-json\/wp\/v2\/pages\/48","targetHints":{"allow":["GET"]}}],"collection":[{"href":"https:\/\/jugement.ufolepgym.com\/index.php\/wp-json\/wp\/v2\/pages"}],"about":[{"href":"https:\/\/jugement.ufolepgym.com\/index.php\/wp-json\/wp\/v2\/types\/page"}],"author":[{"embeddable":true,"href":"https:\/\/jugement.ufolepgym.com\/index.php\/wp-json\/wp\/v2\/users\/2"}],"replies":[{"embeddable":true,"href":"https:\/\/jugement.ufolepgym.com\/index.php\/wp-json\/wp\/v2\/comments?post=48"}],"version-history":[{"count":35,"href":"https:\/\/jugement.ufolepgym.com\/index.php\/wp-json\/wp\/v2\/pages\/48\/revisions"}],"predecessor-version":[{"id":344,"href":"https:\/\/jugement.ufolepgym.com\/index.php\/wp-json\/wp\/v2\/pages\/48\/revisions\/344"}],"wp:attachment":[{"href":"https:\/\/jugement.ufolepgym.com\/index.php\/wp-json\/wp\/v2\/media?parent=48"}],"curies":[{"name":"wp","href":"https:\/\/api.w.org\/{rel}","templated":true}]}}